{"id":4305,"date":"2023-04-04T18:57:50","date_gmt":"2023-04-04T16:57:50","guid":{"rendered":"https:\/\/tcolors.net\/politica-de-cookies\/"},"modified":"2024-03-02T18:10:37","modified_gmt":"2024-03-02T17:10:37","slug":"politica-de-cookies","status":"publish","type":"page","link":"https:\/\/tcolors.net\/en\/politica-de-cookies\/","title":{"rendered":"Pol\u00edtica de cookies"},"content":{"rendered":"[vc_row type=&#8221;in_container&#8221; full_screen_row_position=&#8221;middle&#8221; column_margin=&#8221;default&#8221; column_direction=&#8221;default&#8221; column_direction_tablet=&#8221;default&#8221; column_direction_phone=&#8221;default&#8221; scene_position=&#8221;center&#8221; top_margin=&#8221;100&#8243; bottom_margin=&#8221;50&#8243; text_color=&#8221;dark&#8221; text_align=&#8221;left&#8221; row_border_radius=&#8221;none&#8221; row_border_radius_applies=&#8221;bg&#8221; overflow=&#8221;visible&#8221; class=&#8221;aviso&#8221; overlay_strength=&#8221;0.3&#8243; gradient_direction=&#8221;left_to_right&#8221; shape_divider_position=&#8221;bottom&#8221; bg_image_animation=&#8221;none&#8221; gradient_type=&#8221;default&#8221; shape_type=&#8221;&#8221;][vc_column column_padding=&#8221;no-extra-padding&#8221; column_padding_tablet=&#8221;inherit&#8221; column_padding_phone=&#8221;inherit&#8221; column_padding_position=&#8221;all&#8221; column_element_direction_desktop=&#8221;default&#8221; column_element_spacing=&#8221;default&#8221; desktop_text_alignment=&#8221;default&#8221; tablet_text_alignment=&#8221;default&#8221; phone_text_alignment=&#8221;default&#8221; background_color_opacity=&#8221;1&#8243; background_hover_color_opacity=&#8221;1&#8243; column_backdrop_filter=&#8221;none&#8221; column_shadow=&#8221;none&#8221; column_border_radius=&#8221;none&#8221; column_link_target=&#8221;_self&#8221; column_position=&#8221;default&#8221; gradient_direction=&#8221;left_to_right&#8221; overlay_strength=&#8221;0.3&#8243; width=&#8221;1\/2&#8243; tablet_width_inherit=&#8221;default&#8221; animation_type=&#8221;default&#8221; bg_image_animation=&#8221;none&#8221; border_type=&#8221;simple&#8221; column_border_width=&#8221;none&#8221; column_border_style=&#8221;solid&#8221;][vc_column_text el_class=&#8221;TEXT-privadesa&#8221;]En cumplimiento con lo establecido en la Ley 34\/2002 de 11 de Julio, de Servicios de la Sociedad de la Informaci\u00f3n y el Comercio Electr\u00f3nico (LSSICE), se informa de los siguientes aspectos legales:<\/p>\n<p>Responsable: GRUP COOPERATIU TEB (TALLER ESCOLA BARCELONA SCCL)<br \/>\nDirecci\u00f3n: C\/ Fernando Pessoa 54-64 08030, Barcelona<br \/>\nTel\u00e8fon: 93 360 03 87<br \/>\nEmail: teb@teb.org<br \/>\nP\u00e1gina web: https:\/\/tcolors.net<\/p>\n<h4>Informaci\u00f3n y terminolog\u00eda<\/h4>\n<p>Las cookies son archivos peque\u00f1os que las p\u00e1ginas web, tiendas online, intranets, plataformas en l\u00ednea o similares, se almacenan en el navegador del usuario que las visita y resulten necesarios para aportar a la navegaci\u00f3n web innumerables ventajas en la prestaci\u00f3n de servicios interactivos.La siguiente informaci\u00f3n de los tipos posibles de cookies ayuda a comprender mejor las funciones que hacen posible:<\/p>\n<h4>Cookies de sesi\u00f3n:<\/h4>\n<p>Son cookies temporales que permanecen en el espacio de galletas de su equipo hasta que valla el navegador, de forma que ninguno queda registrada en el disco del usuario. La informaci\u00f3n obtenida por medio de estas cookies sirven para hacer posible la gesti\u00f3n operativa con cada uno de los usuarios que est\u00e1 accediendo de manera simult\u00e1nea en la web.<\/p>\n<h4>Cookies persistentes:<\/h4>\n<p>Son cookies que permanecen almacenadas en el espacio de las cookies de su equipo una vez cerrado el navegador, y que volver\u00e1 a consultar esta p\u00e1gina web la pr\u00f3xima vez que acceda a ella para recordar informaci\u00f3n que facilite la navegaci\u00f3n (acceder directamente al servicio sin necesidad de hacer el proceso de conexi\u00f3n) o la prestaci\u00f3n de un servicio comercial (ofrecer aquellos productos o servicios relacionados con anteriores visitas).<\/p>\n<p>Las cookies intercambiadas al navegar por una p\u00e1gina web pueden ser:<\/p>\n<h4>Cookies de origen o propias:<\/h4>\n<div class=\"traductor-textarea form-group\">\n<div class=\"textarea-desti col-xs-12 col-sm-6\">\n<div class=\"form-control second-textarea\">Son cookies generadas por la propia p\u00e1gina web que se est\u00e1 visitando.<\/div>\n<\/div>\n<\/div>\n<h4>Cookies de terceros:<\/h4>\n<p>Son cookies que se reciben a navegar por esta p\u00e1gina web, pero que han sido generadas por un tercer servicio que se encuentra alojado en ella. Un ejemplo puede ser la\u00a0cookie\u00a0utilizada para un anuncio o banner de publicidad que se encuentra en la p\u00e1gina web que visitamos. Otro puede ser la\u00a0cookie\u00a0utilizada por un contador de visitantes contratado por la p\u00e1gina web que visitamos.<\/p>\n<p>Las cookies pueden ser usadas para:<\/p>\n<h4>Fines t\u00e9cnicos:<\/h4>\n<div class=\"traductor-textarea form-group\">\n<div class=\"textarea-desti col-xs-12 col-sm-6\">\n<div class=\"form-control second-textarea\">Son los llamamientos tambi\u00e9n \u201cestrictamente necesarias\u201d. Permiten al usuario la navegaci\u00f3n a trav\u00e9s de una p\u00e1gina web, plataforma o aplicaci\u00f3n y la utilizaci\u00f3n de las diferentes opciones o servicios que en ella haya c\u00f3mo, por ejemplo, controlar el tr\u00e1fico y la comunicaci\u00f3n de datos, identificar la sesi\u00f3n, acceder a partes de acceso restringido, recordar los elementos que integran un pedido, realizar el proceso de compra de un pedido, realizar la solicitud de inscripci\u00f3n o participaci\u00f3n en un acontecimiento, utilizar elementos de seguridad durante la navegaci\u00f3n, almacenar contenidos para la difusi\u00f3n de videos o sonido o compartir contenidos a trav\u00e9s de redes sociales.<\/div>\n<\/div>\n<\/div>\n<h4>Personalizaci\u00f3n:<\/h4>\n<div class=\"traductor-textarea form-group\">\n<div class=\"textarea-desti col-xs-12 col-sm-6\">\n<div class=\"form-control second-textarea\">Hacen posible que cada usuario pueda configurar aspectos como el lenguaje en el cual desea ver la p\u00e1gina web, formados de visualizaci\u00f3n, etc.<span id=\"copy-text\" class=\"icon-inline\" data-trigger=\"manual\" data-placement=\"right\"><\/span><\/div>\n<\/div>\n<\/div>\n[\/vc_column_text][\/vc_column][vc_column column_padding=&#8221;no-extra-padding&#8221; column_padding_tablet=&#8221;inherit&#8221; column_padding_phone=&#8221;inherit&#8221; column_padding_position=&#8221;all&#8221; column_element_direction_desktop=&#8221;default&#8221; column_element_spacing=&#8221;default&#8221; desktop_text_alignment=&#8221;default&#8221; tablet_text_alignment=&#8221;default&#8221; phone_text_alignment=&#8221;default&#8221; background_color_opacity=&#8221;1&#8243; background_hover_color_opacity=&#8221;1&#8243; column_backdrop_filter=&#8221;none&#8221; column_shadow=&#8221;none&#8221; column_border_radius=&#8221;none&#8221; column_link_target=&#8221;_self&#8221; column_position=&#8221;default&#8221; gradient_direction=&#8221;left_to_right&#8221; overlay_strength=&#8221;0.3&#8243; width=&#8221;1\/2&#8243; tablet_width_inherit=&#8221;default&#8221; animation_type=&#8221;default&#8221; bg_image_animation=&#8221;none&#8221; border_type=&#8221;simple&#8221; column_border_width=&#8221;none&#8221; column_border_style=&#8221;solid&#8221;][vc_column_text el_class=&#8221;TEXT-privadesa&#8221;]\n<h4>An\u00e1lisis o rendimiento:<\/h4>\n<p>Permiten mesurar el n\u00famero de visitas y criterios de navegaci\u00f3n de diferentes \u00e1reas de la web, aplicaci\u00f3n o plataforma y nos permite elaborar perfiles de navegaci\u00f3n de los usuarios de estos lugares, aplicaciones y plataformas, para introducir mejoras en funci\u00f3n del an\u00e1lisis de los datos de uso recogidos que hacen los usuarios del servicio.<\/p>\n<h4>Publicidad:<\/h4>\n<p>Permiten implementar par\u00e1metros de eficiencia en la publicidad ofrecida en las p\u00e1ginas web.<\/p>\n<h4>Publicidad comportamental:<\/h4>\n<p>Permiten implementar par\u00e1metros de eficiencia en la publicidad ofrecida en las p\u00e1ginas web, basados \u200b\u200ben informaci\u00f3n sobre el comportamiento de los usuarios obtenido a trav\u00e9s de la observaci\u00f3n continuada de sus h\u00e1bitos de navegaci\u00f3n, lo cual permite desarrollar un perfil espec\u00edfico para mostrar publicidad en funci\u00f3n de este.<\/p>\n<h4>Detalle de Cookies utilizadas<\/h4>\n<p>El sitio web de TColors utiliza cookies para el correcto funcionamiento y visualizaci\u00f3n de los sitios web por parte del usuario, as\u00ed como la recogida de estad\u00edsticas.<\/p>\n<h4>Servicios a terceros<\/h4>\n<p>Adicionalmente, TColors tiene presencia en portales y servicios de terceros para los cuales, si desea conocer las condiciones de privacidad y uso de cookies, se tienen que consultar las pol\u00edticas proporcionadas por estos:<\/p>\n<p>Facebook: https:\/\/es-es.facebook.com\/help\/cookies<br \/>\nTwitter: https:\/\/twitter.com\/privacy<br \/>\nYouTube: https:\/\/www.google.es\/intl\/es\/policies\/technologies\/cookies\/<br \/>\nLinkedin: http:\/\/www.linkedin.com\/legal\/privacy-policy<br \/>\nGoogle+: https:\/\/www.google.es\/intl\/es\/policies\/technologies\/cookies\/<br \/>\nInstagram: https:\/\/www.facebook.com\/policies\/cookies\/<\/p>\n<h4>Aceptaci\u00f3n de la pol\u00edtica de Cookies<\/h4>\n<div class=\"traductor-textarea form-group\">\n<div class=\"textarea-desti col-xs-12 col-sm-6\">\n<div class=\"form-control second-textarea\">\n<p>TColors muestra informaci\u00f3n sobre su Pol\u00edtica de Cookies en la parte inferior de cualquier p\u00e1gina del sitio web con cada inicio de sesi\u00f3n a fin de que usted sea consciente.<\/p>\n<p>Ante esta informaci\u00f3n es posible llevar a cabo las siguientes acciones:<\/p>\n<p>Aceptar las cookies: No se volver\u00e1 a visualizar este aviso al acceder a cualquier p\u00e1gina del portal durante la presente sesi\u00f3n<br \/>\nModificar la configuraci\u00f3n: Podr\u00e1 obtener m\u00e1s informaci\u00f3n sobre c\u00f3mo son las galletas, conocer la Pol\u00edtica de Cookies de TEB Viste y modificar la configuraci\u00f3n de su navegador para restringir o bloquear las cookies de TColors en cualquier momento. En el caso de restringir o bloquear las cookies puede ver reducidas las funcionalidades de la web.<br \/>\nContinuar navegando o mover por la barra de desplazamiento: En este caso consideramos que acepta su uso.<\/p>\n<p>Como modificar la configuraci\u00f3n de las Cookies<\/p>\n<p>Usted puede restringir, bloquear o borrar las cookies de\u00a0TEB\u00a0Viste\u00a0o cualquier otra p\u00e1gina web, utilizando su navegador. En cada navegador la operativa es diferente, la funci\u00f3n de \u201cAyuda\u201d le mostrar\u00e1 como hacerlo:<\/p>\n<p>Internet Explorer: https:\/\/support.microsoft.com\/es-es\/help\/17442\/windows-internet-explorer-delete-manage-cookies#ie=<br \/>\nFirefox: https:\/\/support.mozilla.org\/es\/kb\/borrar%20cookies<br \/>\nChrome: support.google.com\/chrome\/answer\/95647?hl=\u201des \u201d<br \/>\nSafari: www.apple.com\/es\/privacy\/use-of-cookies\/<\/p>\n<p>Adem\u00e1s, tambi\u00e9n puede gestionar el almac\u00e9n de cookies en su navegador a trav\u00e9s de herramientas como las siguientes:<br \/>\nGhostery: www.ghostery.com\/<br \/>\nYour\u00a0en l\u00ednea\u00a0choices: www.youronlinechoices.com\/es\/<span id=\"copy-text\" class=\"icon-inline\" data-trigger=\"manual\" data-placement=\"right\"><\/span><\/p>\n<\/div>\n<\/div>\n<\/div>\n[\/vc_column_text][\/vc_column][\/vc_row]\n","protected":false},"excerpt":{"rendered":"<p>[vc_row type=&#8221;in_container&#8221; full_screen_row_position=&#8221;middle&#8221; column_margin=&#8221;default&#8221; column_direction=&#8221;default&#8221; column_direction_tablet=&#8221;default&#8221; column_direction_phone=&#8221;default&#8221; scene_position=&#8221;center&#8221; top_margin=&#8221;100&#8243; bottom_margin=&#8221;50&#8243; text_color=&#8221;dark&#8221; text_align=&#8221;left&#8221; row_border_radius=&#8221;none&#8221; row_border_radius_applies=&#8221;bg&#8221; overflow=&#8221;visible&#8221; class=&#8221;aviso&#8221; overlay_strength=&#8221;0.3&#8243; gradient_direction=&#8221;left_to_right&#8221; shape_divider_position=&#8221;bottom&#8221; bg_image_animation=&#8221;none&#8221; gradient_type=&#8221;default&#8221; shape_type=&#8221;&#8221;][vc_column column_padding=&#8221;no-extra-padding&#8221; column_padding_tablet=&#8221;inherit&#8221; column_padding_phone=&#8221;inherit&#8221; column_padding_position=&#8221;all&#8221; column_element_direction_desktop=&#8221;default&#8221; column_element_spacing=&#8221;default&#8221; desktop_text_alignment=&#8221;default&#8221; tablet_text_alignment=&#8221;default&#8221;&#8230;<\/p>\n","protected":false},"author":1,"featured_media":0,"parent":0,"menu_order":110,"comment_status":"closed","ping_status":"closed","template":"","meta":{"footnotes":""},"class_list":["post-4305","page","type-page","status-publish"],"yoast_head":"<!-- This site is optimized with the Yoast SEO plugin v27.2 - https:\/\/yoast.com\/product\/yoast-seo-wordpress\/ -->\n<title>Pol\u00edtica de cookies - TColors<\/title>\n<meta name=\"robots\" content=\"index, follow, max-snippet:-1, max-image-preview:large, max-video-preview:-1\" \/>\n<link rel=\"canonical\" href=\"https:\/\/tcolors.net\/en\/politica-de-cookies\/\" \/>\n<meta property=\"og:locale\" content=\"en_US\" \/>\n<meta property=\"og:type\" content=\"article\" \/>\n<meta property=\"og:title\" content=\"Pol\u00edtica de cookies - TColors\" \/>\n<meta property=\"og:description\" content=\"[vc_row type=&#8221;in_container&#8221; full_screen_row_position=&#8221;middle&#8221; column_margin=&#8221;default&#8221; column_direction=&#8221;default&#8221; column_direction_tablet=&#8221;default&#8221; column_direction_phone=&#8221;default&#8221; scene_position=&#8221;center&#8221; top_margin=&#8221;100&#8243; bottom_margin=&#8221;50&#8243; text_color=&#8221;dark&#8221; text_align=&#8221;left&#8221; row_border_radius=&#8221;none&#8221; row_border_radius_applies=&#8221;bg&#8221; overflow=&#8221;visible&#8221; class=&#8221;aviso&#8221; overlay_strength=&#8221;0.3&#8243; gradient_direction=&#8221;left_to_right&#8221; shape_divider_position=&#8221;bottom&#8221; bg_image_animation=&#8221;none&#8221; gradient_type=&#8221;default&#8221; shape_type=&#8221;&#8221;][vc_column column_padding=&#8221;no-extra-padding&#8221; column_padding_tablet=&#8221;inherit&#8221; column_padding_phone=&#8221;inherit&#8221; column_padding_position=&#8221;all&#8221; column_element_direction_desktop=&#8221;default&#8221; column_element_spacing=&#8221;default&#8221; desktop_text_alignment=&#8221;default&#8221; tablet_text_alignment=&#8221;default&#8221;...\" \/>\n<meta property=\"og:url\" content=\"https:\/\/tcolors.net\/en\/politica-de-cookies\/\" \/>\n<meta property=\"og:site_name\" content=\"TColors\" \/>\n<meta property=\"article:publisher\" content=\"https:\/\/www.facebook.com\/tcolorsoficial\" \/>\n<meta property=\"article:modified_time\" content=\"2024-03-02T17:10:37+00:00\" \/>\n<meta property=\"og:image\" content=\"https:\/\/tcolors.net\/wp-content\/uploads\/2023\/04\/tcolors.png\" \/>\n\t<meta property=\"og:image:width\" content=\"319\" \/>\n\t<meta property=\"og:image:height\" content=\"150\" \/>\n\t<meta property=\"og:image:type\" content=\"image\/png\" \/>\n<meta name=\"twitter:card\" content=\"summary_large_image\" \/>\n<meta name=\"twitter:label1\" content=\"Est. reading time\" \/>\n\t<meta name=\"twitter:data1\" content=\"5 minutes\" \/>\n<script type=\"application\/ld+json\" class=\"yoast-schema-graph\">{\"@context\":\"https:\/\/schema.org\",\"@graph\":[{\"@type\":\"WebPage\",\"@id\":\"https:\/\/tcolors.net\/en\/politica-de-cookies\/\",\"url\":\"https:\/\/tcolors.net\/en\/politica-de-cookies\/\",\"name\":\"Pol\u00edtica de cookies - TColors\",\"isPartOf\":{\"@id\":\"https:\/\/tcolors.net\/en\/#website\"},\"datePublished\":\"2023-04-04T16:57:50+00:00\",\"dateModified\":\"2024-03-02T17:10:37+00:00\",\"breadcrumb\":{\"@id\":\"https:\/\/tcolors.net\/en\/politica-de-cookies\/#breadcrumb\"},\"inLanguage\":\"en-US\",\"potentialAction\":[{\"@type\":\"ReadAction\",\"target\":[\"https:\/\/tcolors.net\/en\/politica-de-cookies\/\"]}]},{\"@type\":\"BreadcrumbList\",\"@id\":\"https:\/\/tcolors.net\/en\/politica-de-cookies\/#breadcrumb\",\"itemListElement\":[{\"@type\":\"ListItem\",\"position\":1,\"name\":\"Portada\",\"item\":\"https:\/\/tcolors.net\/en\/\"},{\"@type\":\"ListItem\",\"position\":2,\"name\":\"Pol\u00edtica de cookies\"}]},{\"@type\":\"WebSite\",\"@id\":\"https:\/\/tcolors.net\/en\/#website\",\"url\":\"https:\/\/tcolors.net\/en\/\",\"name\":\"TColors\",\"description\":\"Fabricants 100% social de pintures a Espanya\",\"publisher\":{\"@id\":\"https:\/\/tcolors.net\/en\/#organization\"},\"potentialAction\":[{\"@type\":\"SearchAction\",\"target\":{\"@type\":\"EntryPoint\",\"urlTemplate\":\"https:\/\/tcolors.net\/en\/?s={search_term_string}\"},\"query-input\":{\"@type\":\"PropertyValueSpecification\",\"valueRequired\":true,\"valueName\":\"search_term_string\"}}],\"inLanguage\":\"en-US\"},{\"@type\":\"Organization\",\"@id\":\"https:\/\/tcolors.net\/en\/#organization\",\"name\":\"TColors\",\"url\":\"https:\/\/tcolors.net\/en\/\",\"logo\":{\"@type\":\"ImageObject\",\"inLanguage\":\"en-US\",\"@id\":\"https:\/\/tcolors.net\/en\/#\/schema\/logo\/image\/\",\"url\":\"https:\/\/tcolors.net\/wp-content\/uploads\/2023\/04\/tcolors.png\",\"contentUrl\":\"https:\/\/tcolors.net\/wp-content\/uploads\/2023\/04\/tcolors.png\",\"width\":319,\"height\":150,\"caption\":\"TColors\"},\"image\":{\"@id\":\"https:\/\/tcolors.net\/en\/#\/schema\/logo\/image\/\"},\"sameAs\":[\"https:\/\/www.facebook.com\/tcolorsoficial\",\"https:\/\/www.instagram.com\/tcolors_oficial\/\"]}]}<\/script>\n<!-- \/ Yoast SEO plugin. -->","yoast_head_json":{"title":"Pol\u00edtica de cookies - TColors","robots":{"index":"index","follow":"follow","max-snippet":"max-snippet:-1","max-image-preview":"max-image-preview:large","max-video-preview":"max-video-preview:-1"},"canonical":"https:\/\/tcolors.net\/en\/politica-de-cookies\/","og_locale":"en_US","og_type":"article","og_title":"Pol\u00edtica de cookies - TColors","og_description":"[vc_row type=&#8221;in_container&#8221; full_screen_row_position=&#8221;middle&#8221; column_margin=&#8221;default&#8221; column_direction=&#8221;default&#8221; column_direction_tablet=&#8221;default&#8221; column_direction_phone=&#8221;default&#8221; scene_position=&#8221;center&#8221; top_margin=&#8221;100&#8243; bottom_margin=&#8221;50&#8243; text_color=&#8221;dark&#8221; text_align=&#8221;left&#8221; row_border_radius=&#8221;none&#8221; row_border_radius_applies=&#8221;bg&#8221; overflow=&#8221;visible&#8221; class=&#8221;aviso&#8221; overlay_strength=&#8221;0.3&#8243; gradient_direction=&#8221;left_to_right&#8221; shape_divider_position=&#8221;bottom&#8221; bg_image_animation=&#8221;none&#8221; gradient_type=&#8221;default&#8221; shape_type=&#8221;&#8221;][vc_column column_padding=&#8221;no-extra-padding&#8221; column_padding_tablet=&#8221;inherit&#8221; column_padding_phone=&#8221;inherit&#8221; column_padding_position=&#8221;all&#8221; column_element_direction_desktop=&#8221;default&#8221; column_element_spacing=&#8221;default&#8221; desktop_text_alignment=&#8221;default&#8221; tablet_text_alignment=&#8221;default&#8221;...","og_url":"https:\/\/tcolors.net\/en\/politica-de-cookies\/","og_site_name":"TColors","article_publisher":"https:\/\/www.facebook.com\/tcolorsoficial","article_modified_time":"2024-03-02T17:10:37+00:00","og_image":[{"width":319,"height":150,"url":"https:\/\/tcolors.net\/wp-content\/uploads\/2023\/04\/tcolors.png","type":"image\/png"}],"twitter_card":"summary_large_image","twitter_misc":{"Est. reading time":"5 minutes"},"schema":{"@context":"https:\/\/schema.org","@graph":[{"@type":"WebPage","@id":"https:\/\/tcolors.net\/en\/politica-de-cookies\/","url":"https:\/\/tcolors.net\/en\/politica-de-cookies\/","name":"Pol\u00edtica de cookies - TColors","isPartOf":{"@id":"https:\/\/tcolors.net\/en\/#website"},"datePublished":"2023-04-04T16:57:50+00:00","dateModified":"2024-03-02T17:10:37+00:00","breadcrumb":{"@id":"https:\/\/tcolors.net\/en\/politica-de-cookies\/#breadcrumb"},"inLanguage":"en-US","potentialAction":[{"@type":"ReadAction","target":["https:\/\/tcolors.net\/en\/politica-de-cookies\/"]}]},{"@type":"BreadcrumbList","@id":"https:\/\/tcolors.net\/en\/politica-de-cookies\/#breadcrumb","itemListElement":[{"@type":"ListItem","position":1,"name":"Portada","item":"https:\/\/tcolors.net\/en\/"},{"@type":"ListItem","position":2,"name":"Pol\u00edtica de cookies"}]},{"@type":"WebSite","@id":"https:\/\/tcolors.net\/en\/#website","url":"https:\/\/tcolors.net\/en\/","name":"TColors","description":"Fabricants 100% social de pintures a Espanya","publisher":{"@id":"https:\/\/tcolors.net\/en\/#organization"},"potentialAction":[{"@type":"SearchAction","target":{"@type":"EntryPoint","urlTemplate":"https:\/\/tcolors.net\/en\/?s={search_term_string}"},"query-input":{"@type":"PropertyValueSpecification","valueRequired":true,"valueName":"search_term_string"}}],"inLanguage":"en-US"},{"@type":"Organization","@id":"https:\/\/tcolors.net\/en\/#organization","name":"TColors","url":"https:\/\/tcolors.net\/en\/","logo":{"@type":"ImageObject","inLanguage":"en-US","@id":"https:\/\/tcolors.net\/en\/#\/schema\/logo\/image\/","url":"https:\/\/tcolors.net\/wp-content\/uploads\/2023\/04\/tcolors.png","contentUrl":"https:\/\/tcolors.net\/wp-content\/uploads\/2023\/04\/tcolors.png","width":319,"height":150,"caption":"TColors"},"image":{"@id":"https:\/\/tcolors.net\/en\/#\/schema\/logo\/image\/"},"sameAs":["https:\/\/www.facebook.com\/tcolorsoficial","https:\/\/www.instagram.com\/tcolors_oficial\/"]}]}},"_links":{"self":[{"href":"https:\/\/tcolors.net\/en\/wp-json\/wp\/v2\/pages\/4305","targetHints":{"allow":["GET"]}}],"collection":[{"href":"https:\/\/tcolors.net\/en\/wp-json\/wp\/v2\/pages"}],"about":[{"href":"https:\/\/tcolors.net\/en\/wp-json\/wp\/v2\/types\/page"}],"author":[{"embeddable":true,"href":"https:\/\/tcolors.net\/en\/wp-json\/wp\/v2\/users\/1"}],"replies":[{"embeddable":true,"href":"https:\/\/tcolors.net\/en\/wp-json\/wp\/v2\/comments?post=4305"}],"version-history":[{"count":5,"href":"https:\/\/tcolors.net\/en\/wp-json\/wp\/v2\/pages\/4305\/revisions"}],"predecessor-version":[{"id":7392,"href":"https:\/\/tcolors.net\/en\/wp-json\/wp\/v2\/pages\/4305\/revisions\/7392"}],"wp:attachment":[{"href":"https:\/\/tcolors.net\/en\/wp-json\/wp\/v2\/media?parent=4305"}],"curies":[{"name":"wp","href":"https:\/\/api.w.org\/{rel}","templated":true}]}}